{"id":8035,"date":"2018-05-23T18:36:32","date_gmt":"2018-05-23T21:36:32","guid":{"rendered":"https:\/\/myrnaporcaro.com\/?page_id=8035"},"modified":"2019-08-30T15:14:38","modified_gmt":"2019-08-30T18:14:38","slug":"services","status":"publish","type":"page","link":"https:\/\/myrnaporcaro.com\/es\/services\/","title":{"rendered":"Services"},"content":{"rendered":"<p><!-- \n\n<div class=\"container-fluid\"> --><\/p>\n<div class=\"row rk-service\">\n<div class=\"col-md-12 header\">\n<div class=\"col-md-12 text-center\">\n<h1> DISE\u00d1O INTERIOR INSPIRADO EN TENDENCIAS MUNDIALES <\/h1>\n<p> \u201cMi talento fusionando colores, texturas y estilos crea un ambiente exclusivo\u201d <\/p>\n<\/p><\/div>\n<\/p><\/div>\n<\/div>\n<div class=\"row rk-ser-design\">\n<h2 class=\"text-center teal-font\"> Servicios de dise\u00f1o de interiores <\/h2>\n<h3 class=\"text-center\"> Creando, innovando, reinventando y sorprendiendo. <\/h3>\n<p class=\"text-justify\"> Myrna toma todo tipo de proyectos de dise\u00f1o de interiores residenciales. Myrna visita el espacio y se re\u00fane con el cliente para recopilar detalles y comprender el estilo de deseo y el objetivo de establecer detalles para completar cada dise\u00f1o. Para renovaciones, ella le aconseja qu\u00e9 muebles y decoraci\u00f3n merecen quedarse. Si tiene muebles viejos que desea conservar, por supuesto, podr\u00edan incluirse; siempre que coincida con el nuevo estilo que desee. <\/p>\n<p class=\"text-justify\"> El trabajo de Myrna refleja una mezcla de alturas, retiros, profundidades e iluminaci\u00f3n. Equilibra la plenitud y el vac\u00edo, as\u00ed como las l\u00edneas y curvas; Refuerza el volumen y la simetr\u00eda, trasciende el tiempo, armoniza la naturaleza y el lujo, siempre gestionando el presupuesto. <\/p>\n<p class=\"text-justify\"> Myrna tiene experiencia en la gesti\u00f3n de un proyecto desde su etapa inicial hasta su finalizaci\u00f3n, puede emprender cualquier tipo de dise\u00f1o de interiores residenciales y transformar cualquier espacio. Ella disfruta de nuevos desaf\u00edos y crea la atm\u00f3sfera que deseas. Grandes o peque\u00f1os, los dise\u00f1os de Myrna son siempre una obra de arte \u00fanica. Llame a Myrna si est\u00e1 interesado en reinventar su espacio para: <\/p>\n<div class=\"row service-circles\">\n<div class=\"col-sm-4 text-center one\">\n      <a href=\"#one\"><img decoding=\"async\" src=\"https:\/\/myrnaporcaro.com\/wp-content\/uploads\/2017\/08\/residential.png\"><\/p>\n<h4> RESIDENCIAL <\/h4>\n<p><\/a>\n    <\/div>\n<div class=\"col-sm-4 text-center three\">\n      <a href=\"#three\"><img decoding=\"async\" src=\"https:\/\/myrnaporcaro.com\/wp-content\/uploads\/2017\/08\/showroom.png\"><\/p>\n<h4>SALA DE MUESTRAS<\/h4>\n<p><\/a>\n    <\/div>\n<div class=\"col-sm-4 text-center four\">\n      <a href=\"#four\"><img decoding=\"async\" src=\"https:\/\/myrnaporcaro.com\/wp-content\/uploads\/2017\/08\/country.png\"><\/p>\n<h4>CASAS DE CAMPO<\/h4>\n<p><\/a>\n    <\/div>\n<\/p><\/div>\n<div class=\"col-md-12 text-center\">\n<h3 class=\"teal-font italic\"> Conozcamos y determinemos su presupuesto para lograr sus objetivos.<br \/>\n<\/h3>\n<\/p><\/div>\n<\/div>\n<div class=\"container-fluid rk-ser-interior\">\n<div id=\"oney\" class=\"content\">\n<h2> Dise\u00f1o de interiores residenciales <\/h2>\n<\/p><\/div>\n<div class=\"image\">\n    <img decoding=\"async\" src=\"https:\/\/myrnaporcaro.com\/wp-content\/uploads\/2017\/08\/service-residential.png\">\n  <\/div>\n<div id=\"one\" class=\"content\">\n<p class=\"text-justify\"> Brindamos un servicio de dise\u00f1o de interiores profesional y personalizado. Gestionamos el proyecto teniendo en cuenta el presupuesto de cada cliente, siempre integrando comodidad, belleza y funcionalidad. Nos aseguramos de que su hogar refleje su gusto y estilo. <\/p>\n<p class=\"text-justify\"> La experiencia de Myrna incluye la selecci\u00f3n de material terminado. Ella trabaja directamente con una extensa lista de proveedores y tiendas de dise\u00f1o asequible para que su experiencia sea m\u00e1s agradable al elegir muebles, iluminaci\u00f3n, telas, textiles, colores, cortinas, revestimientos de paredes, persianas, tratamiento de ventanas, ropa de cama, obras de arte, alfombras, accesorios. y dise\u00f1os. Si est\u00e1 buscando un toque r\u00fastico, se adaptar\u00e1 al dise\u00f1o. <\/p>\n<\/p><\/div>\n<\/div>\n<div id=\"three\" class=\"container-fluid rk-ser-showrooms\">\n<div class=\"content\">\n<h2>SALAS DE MUESTRAS<\/h2>\n<\/div>\n<div class=\"image\">\n    <img decoding=\"async\" src=\"https:\/\/myrnaporcaro.com\/wp-content\/uploads\/2017\/08\/service-showroom.png\"><\/p><\/div>\n<div class=\"content\">\n<p class=\"text-justify\"> Un espacio adecuadamente dise\u00f1ado para su funci\u00f3n, siempre ser\u00e1 m\u00e1s efectivo. Las casas en venta deben evocar belleza, equilibrio y, sobre todo, estilo en cada esquina. Elegir la combinaci\u00f3n correcta de muebles, obras de arte o piezas decorativas es esencial. La configuraci\u00f3n debe hablar por s\u00ed misma y reflejar el valor y la funci\u00f3n que cada pieza proporcionar\u00e1 a cada propietario una vez que la incorporen a una habitaci\u00f3n. La casa en venta debe involucrar a cada cliente que entra, para que sientan la simplicidad y la sofisticaci\u00f3n que buscan tener en su nuevo hogar. <\/p>\n<\/p><\/div>\n<\/div>\n<div class=\"row rk-ser-country\">\n<div id=\"foury\" class=\"content\">\n<h2 class=\"teal-font\">CASAS DE CAMPO<\/h2>\n<\/p><\/div>\n<div class=\"image\">\n    <img decoding=\"async\" src=\"https:\/\/myrnaporcaro.com\/wp-content\/uploads\/2017\/08\/service-country.png\"><\/p><\/div>\n<div id=\"four\" class=\"content\">\n<p class=\"text-justify\"> Ser propietario de una casa de campo es una excelente oportunidad no solo para disfrutar de momentos m\u00e1s cercanos a la madre naturaleza, sino tambi\u00e9n una oportunidad para incorporar piezas de dise\u00f1o r\u00fastico y material reciclado en el dise\u00f1o interior. Los amplios espacios que ofrecen la mayor\u00eda de las granjas, la iluminaci\u00f3n natural, los paisajes y la cercan\u00eda al medio ambiente natural son solo algunas de las m\u00faltiples ventajas que podemos encontrar en un proyecto de dise\u00f1o de interiores para una granja. <\/p>\n<p class=\"text-justify\"> Llevar el exterior al interior y complementar la iluminaci\u00f3n natural con el dise\u00f1o de la sala de estar o de cualquier otra habitaci\u00f3n en su casa de vacaciones es una fracci\u00f3n de la pasi\u00f3n que sentimos por nuestros proyectos de dise\u00f1o de interiores. <\/p>\n<\/p><\/div>\n<\/div>\n<div class=\"container-fluid rk-ser-inspire text-center\">\n<h2> Dise\u00f1o interior funcional que inspira y evoca<br \/>\n<\/h2>\n<h3>Amplitud<\/h3>\n<h3>Sofisticaci\u00f3n<\/h3>\n<h3>Elegancia<\/h3>\n<h3 style=\"margin-bottom:20px;\">Balance<\/h3>\n<\/div>\n","protected":false},"excerpt":{"rendered":"<p>DISE\u00d1O INTERIOR INSPIRADO EN TENDENCIAS MUNDIALES \u201cMi talento fusionando colores, texturas y estilos crea un ambiente exclusivo\u201d Servicios de dise\u00f1o de interiores Creando, innovando, reinventando y sorprendiendo. Myrna toma todo tipo de proyectos de dise\u00f1o de interiores residenciales. Myrna visita el espacio y se re\u00fane con el cliente para recopilar detalles y comprender el estilo de deseo y el objetivo&#8230;<\/p>\n","protected":false},"author":8,"featured_media":0,"parent":0,"menu_order":0,"comment_status":"closed","ping_status":"closed","template":"page-model-full-width.php","meta":{"_acf_changed":false,"_monsterinsights_skip_tracking":false,"_monsterinsights_sitenote_active":false,"_monsterinsights_sitenote_note":"","_monsterinsights_sitenote_category":0,"ngg_post_thumbnail":0,"footnotes":""},"class_list":["post-8035","page","type-page","status-publish","hentry"],"acf":[],"yoast_head":"<!-- This site is optimized with the Yoast SEO plugin v27.4 - https:\/\/yoast.com\/product\/yoast-seo-wordpress\/ -->\n<title>Services - Myrna Porcaro<\/title>\n<meta name=\"robots\" content=\"index, follow, max-snippet:-1, max-image-preview:large, max-video-preview:-1\" \/>\n<link rel=\"canonical\" href=\"https:\/\/myrnaporcaro.com\/es\/services\/\" \/>\n<meta property=\"og:locale\" content=\"es_ES\" \/>\n<meta property=\"og:type\" content=\"article\" \/>\n<meta property=\"og:title\" content=\"Services - Myrna Porcaro\" \/>\n<meta property=\"og:description\" content=\"DISE\u00d1O INTERIOR INSPIRADO EN TENDENCIAS MUNDIALES \u201cMi talento fusionando colores, texturas y estilos crea un ambiente exclusivo\u201d Servicios de dise\u00f1o de interiores Creando, innovando, reinventando y sorprendiendo. Myrna toma todo tipo de proyectos de dise\u00f1o de interiores residenciales. Myrna visita el espacio y se re\u00fane con el cliente para recopilar detalles y comprender el estilo de deseo y el objetivo...\" \/>\n<meta property=\"og:url\" content=\"https:\/\/myrnaporcaro.com\/es\/services\/\" \/>\n<meta property=\"og:site_name\" content=\"Myrna Porcaro\" \/>\n<meta property=\"article:modified_time\" content=\"2019-08-30T18:14:38+00:00\" \/>\n<meta property=\"og:image\" content=\"https:\/\/myrnaporcaro.com\/wp-content\/uploads\/2017\/08\/residential.png\" \/>\n<meta name=\"twitter:card\" content=\"summary_large_image\" \/>\n<meta name=\"twitter:label1\" content=\"Tiempo de lectura\" \/>\n\t<meta name=\"twitter:data1\" content=\"3 minutos\" \/>\n<script type=\"application\/ld+json\" class=\"yoast-schema-graph\">{\"@context\":\"https:\\\/\\\/schema.org\",\"@graph\":[{\"@type\":\"WebPage\",\"@id\":\"https:\\\/\\\/myrnaporcaro.com\\\/es\\\/services\\\/\",\"url\":\"https:\\\/\\\/myrnaporcaro.com\\\/es\\\/services\\\/\",\"name\":\"Services - Myrna Porcaro\",\"isPartOf\":{\"@id\":\"https:\\\/\\\/myrnaporcaro.com\\\/#website\"},\"primaryImageOfPage\":{\"@id\":\"https:\\\/\\\/myrnaporcaro.com\\\/es\\\/services\\\/#primaryimage\"},\"image\":{\"@id\":\"https:\\\/\\\/myrnaporcaro.com\\\/es\\\/services\\\/#primaryimage\"},\"thumbnailUrl\":\"https:\\\/\\\/myrnaporcaro.com\\\/wp-content\\\/uploads\\\/2017\\\/08\\\/residential.png\",\"datePublished\":\"2018-05-23T21:36:32+00:00\",\"dateModified\":\"2019-08-30T18:14:38+00:00\",\"breadcrumb\":{\"@id\":\"https:\\\/\\\/myrnaporcaro.com\\\/es\\\/services\\\/#breadcrumb\"},\"inLanguage\":\"es\",\"potentialAction\":[{\"@type\":\"ReadAction\",\"target\":[\"https:\\\/\\\/myrnaporcaro.com\\\/es\\\/services\\\/\"]}]},{\"@type\":\"ImageObject\",\"inLanguage\":\"es\",\"@id\":\"https:\\\/\\\/myrnaporcaro.com\\\/es\\\/services\\\/#primaryimage\",\"url\":\"https:\\\/\\\/myrnaporcaro.com\\\/wp-content\\\/uploads\\\/2017\\\/08\\\/residential.png\",\"contentUrl\":\"https:\\\/\\\/myrnaporcaro.com\\\/wp-content\\\/uploads\\\/2017\\\/08\\\/residential.png\"},{\"@type\":\"BreadcrumbList\",\"@id\":\"https:\\\/\\\/myrnaporcaro.com\\\/es\\\/services\\\/#breadcrumb\",\"itemListElement\":[{\"@type\":\"ListItem\",\"position\":1,\"name\":\"In\u00edcio\",\"item\":\"https:\\\/\\\/myrnaporcaro.com\\\/es\\\/\"},{\"@type\":\"ListItem\",\"position\":2,\"name\":\"Services\"}]},{\"@type\":\"WebSite\",\"@id\":\"https:\\\/\\\/myrnaporcaro.com\\\/#website\",\"url\":\"https:\\\/\\\/myrnaporcaro.com\\\/\",\"name\":\"Myrna Porcaro\",\"description\":\"residential, business, commercial and rural projects. Preparing the architectural design to the final detailing and interior decoration.\",\"potentialAction\":[{\"@type\":\"SearchAction\",\"target\":{\"@type\":\"EntryPoint\",\"urlTemplate\":\"https:\\\/\\\/myrnaporcaro.com\\\/?s={search_term_string}\"},\"query-input\":{\"@type\":\"PropertyValueSpecification\",\"valueRequired\":true,\"valueName\":\"search_term_string\"}}],\"inLanguage\":\"es\"}]}<\/script>\n<!-- \/ Yoast SEO plugin. -->","yoast_head_json":{"title":"Services - Myrna Porcaro","robots":{"index":"index","follow":"follow","max-snippet":"max-snippet:-1","max-image-preview":"max-image-preview:large","max-video-preview":"max-video-preview:-1"},"canonical":"https:\/\/myrnaporcaro.com\/es\/services\/","og_locale":"es_ES","og_type":"article","og_title":"Services - Myrna Porcaro","og_description":"DISE\u00d1O INTERIOR INSPIRADO EN TENDENCIAS MUNDIALES \u201cMi talento fusionando colores, texturas y estilos crea un ambiente exclusivo\u201d Servicios de dise\u00f1o de interiores Creando, innovando, reinventando y sorprendiendo. Myrna toma todo tipo de proyectos de dise\u00f1o de interiores residenciales. Myrna visita el espacio y se re\u00fane con el cliente para recopilar detalles y comprender el estilo de deseo y el objetivo...","og_url":"https:\/\/myrnaporcaro.com\/es\/services\/","og_site_name":"Myrna Porcaro","article_modified_time":"2019-08-30T18:14:38+00:00","og_image":[{"url":"https:\/\/myrnaporcaro.com\/wp-content\/uploads\/2017\/08\/residential.png","type":"","width":"","height":""}],"twitter_card":"summary_large_image","twitter_misc":{"Tiempo de lectura":"3 minutos"},"schema":{"@context":"https:\/\/schema.org","@graph":[{"@type":"WebPage","@id":"https:\/\/myrnaporcaro.com\/es\/services\/","url":"https:\/\/myrnaporcaro.com\/es\/services\/","name":"Services - Myrna Porcaro","isPartOf":{"@id":"https:\/\/myrnaporcaro.com\/#website"},"primaryImageOfPage":{"@id":"https:\/\/myrnaporcaro.com\/es\/services\/#primaryimage"},"image":{"@id":"https:\/\/myrnaporcaro.com\/es\/services\/#primaryimage"},"thumbnailUrl":"https:\/\/myrnaporcaro.com\/wp-content\/uploads\/2017\/08\/residential.png","datePublished":"2018-05-23T21:36:32+00:00","dateModified":"2019-08-30T18:14:38+00:00","breadcrumb":{"@id":"https:\/\/myrnaporcaro.com\/es\/services\/#breadcrumb"},"inLanguage":"es","potentialAction":[{"@type":"ReadAction","target":["https:\/\/myrnaporcaro.com\/es\/services\/"]}]},{"@type":"ImageObject","inLanguage":"es","@id":"https:\/\/myrnaporcaro.com\/es\/services\/#primaryimage","url":"https:\/\/myrnaporcaro.com\/wp-content\/uploads\/2017\/08\/residential.png","contentUrl":"https:\/\/myrnaporcaro.com\/wp-content\/uploads\/2017\/08\/residential.png"},{"@type":"BreadcrumbList","@id":"https:\/\/myrnaporcaro.com\/es\/services\/#breadcrumb","itemListElement":[{"@type":"ListItem","position":1,"name":"In\u00edcio","item":"https:\/\/myrnaporcaro.com\/es\/"},{"@type":"ListItem","position":2,"name":"Services"}]},{"@type":"WebSite","@id":"https:\/\/myrnaporcaro.com\/#website","url":"https:\/\/myrnaporcaro.com\/","name":"Myrna Porcaro","description":"residential, business, commercial and rural projects. Preparing the architectural design to the final detailing and interior decoration.","potentialAction":[{"@type":"SearchAction","target":{"@type":"EntryPoint","urlTemplate":"https:\/\/myrnaporcaro.com\/?s={search_term_string}"},"query-input":{"@type":"PropertyValueSpecification","valueRequired":true,"valueName":"search_term_string"}}],"inLanguage":"es"}]}},"_links":{"self":[{"href":"https:\/\/myrnaporcaro.com\/es\/wp-json\/wp\/v2\/pages\/8035","targetHints":{"allow":["GET"]}}],"collection":[{"href":"https:\/\/myrnaporcaro.com\/es\/wp-json\/wp\/v2\/pages"}],"about":[{"href":"https:\/\/myrnaporcaro.com\/es\/wp-json\/wp\/v2\/types\/page"}],"author":[{"embeddable":true,"href":"https:\/\/myrnaporcaro.com\/es\/wp-json\/wp\/v2\/users\/8"}],"replies":[{"embeddable":true,"href":"https:\/\/myrnaporcaro.com\/es\/wp-json\/wp\/v2\/comments?post=8035"}],"version-history":[{"count":8,"href":"https:\/\/myrnaporcaro.com\/es\/wp-json\/wp\/v2\/pages\/8035\/revisions"}],"predecessor-version":[{"id":8305,"href":"https:\/\/myrnaporcaro.com\/es\/wp-json\/wp\/v2\/pages\/8035\/revisions\/8305"}],"wp:attachment":[{"href":"https:\/\/myrnaporcaro.com\/es\/wp-json\/wp\/v2\/media?parent=8035"}],"curies":[{"name":"wp","href":"https:\/\/api.w.org\/{rel}","templated":true}]}}