{"id":8047,"date":"2018-05-23T18:50:19","date_gmt":"2018-05-23T21:50:19","guid":{"rendered":"https:\/\/myrnaporcaro.com\/?page_id=8047"},"modified":"2018-10-01T23:07:27","modified_gmt":"2018-10-02T02:07:27","slug":"awards","status":"publish","type":"page","link":"https:\/\/myrnaporcaro.com\/es\/awards\/","title":{"rendered":"Awards"},"content":{"rendered":"<div class=\"\" style=\"margin:20px\">\nLa calidad en cada detalle y personalidad son aspectos importantes del trabajo de Myrna Porcaro, que estuvieron presentes en cada proyecto, ya sea residencial o comercial, y por supuesto, en los principales eventos de arquitectura y decoraci\u00f3n. Myrna ha ganado muchos premios como reconocimiento a su trabajo. Es un gran honor para ella.<\/p>\n<p>A continuaci\u00f3n, algunos de los premios de Myrna:<\/p>\n<ul id=\"lista-premios\">\n<li>\n<h3 class=\"tit-ano\">2012<\/h3>\n<ul class=\"lista-premios\">\n<li>Primer lugar- 5\u2032 Premio editorial en l\u00ednea Olga Krell de decoraci\u00f3n 2012- Categor\u00eda- apartamentos<\/li>\n<li>Primer lugar- Premio 8\u2032 Amide de decoraci\u00f3n- Categor\u00eda- Apartamentos<\/li>\n<li>Segundo lugar- Premio Tile Brasil- Proyectos con cer\u00e1micas<\/li>\n<li>Premio de mejor calidad en Brasil- Sobresaliente y credibilidad en el escenario empresarial<\/li>\n<\/ul>\n<\/li>\n<li>\n<h3 class=\"tit-ano\">2011<\/h3>\n<ul class=\"lista-premios\">\n<li>Segundo lugar- 4\u2032 Premio editorial de decoraci\u00f3n Olga Krell- Categor\u00eda- Residencia<\/li>\n<li>Premio en el concurso cart\u00f3n yeso Gypsum 2011<\/li>\n<\/ul>\n<\/li>\n<li>\n<h3 class=\"tit-ano\">2008<\/h3>\n<ul class=\"lista-premios\">\n<li>Primer lugar- Premio Casa Cor Boa Mesa- Categor\u00eda- Mejor lugar de uso p\u00fablico- ba\u00f1o de damas<\/li>\n<li>Trofeo JK 2008- homenaje a los grandes nombres y personalidades de Mina&#8217;s Gerais<\/li>\n<li>Premio en el concurso cart\u00f3n de yeso Gypsum 2008<\/li>\n<\/ul>\n<\/li>\n<li>\n<h3 class=\"tit-ano\">2007<\/h3>\n<ul class=\"lista-premios\">\n<li>Premio- Grupo InComum<\/li>\n<\/ul>\n<\/li>\n<li>\n<h3 class=\"tit-ano\">2006<\/h3>\n<ul class=\"lista-premios\">\n<li>Primer y tercer lugar- Concurso Amide 2006- Categor\u00eda- Residencia<\/li>\n<\/ul>\n<\/li>\n<li>\n<h3 class=\"tit-ano\">2005<\/h3>\n<ul class=\"lista-premios\">\n<li>Premio- Luxaflex de MG- Mejor prescriptor de productos desde el a\u00f1o 2004<\/li>\n<\/ul>\n<\/li>\n<li>\n<h3 class=\"tit-ano\">2004<\/h3>\n<ul class=\"lista-premios\">\n<li>Primer lugar- 2\u2032 Premio Amide de decoraci\u00f3n<\/li>\n<li>Cuarto lugar entre los principales prescriptores de Grupo InComum<\/li>\n<\/ul>\n<\/li>\n<li>\n<h3 class=\"tit-ano\">2003<\/h3>\n<ul class=\"lista-premios\">\n<li>Premio &#8211; Luxaflex Talent 2003<\/li>\n<\/ul>\n<\/li>\n<li>\n<h3 class=\"tit-ano\">2002<\/h3>\n<ul class=\"lista-premios\">\n<li>Premio de personalidades de brasile\u00f1as dos a\u00f1os 500- Centro de integraci\u00f3n cultural y empresarial- Estado de San Paulo- Homenaje a las personalidades que contribuyeron al engrandecimiento de Brasil\n<\/li>\n<li>Asociaci\u00f3n de promoci\u00f3n 2002- N\u00facleo de Decoraci\u00f3n- San Paulo-SP<\/li>\n<\/ul>\n<\/li>\n<li>\n<h3 class=\"tit-ano\">2001<\/h3>\n<ul class=\"lista-premios\">\n<li>Mujeres notables-Trofeo Cecilia Meirelles- promoci\u00f3n Eustaquio F\u00e9lix Mayo 2001<\/li>\n<\/ul>\n<\/li>\n<li>\n<h3 class=\"tit-ano\">2000<\/h3>\n<ul class=\"lista-premios\">\n<li>Premio Estado De Minas De Design Casa Cor Minas Gerais 2000- Primer Lugar del jurado popular- Belo Horizonte (MG)- Concurso de promotores de peri\u00f3dicos y cultura del Estado De Minas<\/li>\n<li>Personalidades del a\u00f1o- Promoci\u00f3n Tony de Padua- Sete Lagoas- (MG)- Evento que honra a destacadas personalidades de Minas Gerais<\/li>\n<\/ul>\n<\/li>\n<li>\n<h3 class=\"tit-ano\">1999<\/h3>\n<ul class=\"lista-premios\">\n<li>o\tAsociaci\u00f3n de promoci\u00f3n 99- N\u00facleo de decoraci\u00f3n- San Paulo- (SP). Premio- uno de los principales prescriptores de productos que pertenecen a las tiendas principales<\/li>\n<\/ul>\n<\/li>\n<\/ul>\n<\/div>\n","protected":false},"excerpt":{"rendered":"<p>La calidad en cada detalle y personalidad son aspectos importantes del trabajo de Myrna Porcaro, que estuvieron presentes en cada proyecto, ya sea residencial o comercial, y por supuesto, en los principales eventos de arquitectura y decoraci\u00f3n. Myrna ha ganado muchos premios como reconocimiento a su trabajo. Es un gran honor para ella. A continuaci\u00f3n, algunos de los premios de&#8230;<\/p>\n","protected":false},"author":8,"featured_media":0,"parent":0,"menu_order":0,"comment_status":"open","ping_status":"closed","template":"page-model-full-width.php","meta":{"_acf_changed":false,"_monsterinsights_skip_tracking":false,"_monsterinsights_sitenote_active":false,"_monsterinsights_sitenote_note":"","_monsterinsights_sitenote_category":0,"ngg_post_thumbnail":0,"footnotes":""},"class_list":["post-8047","page","type-page","status-publish","hentry"],"acf":[],"yoast_head":"<!-- This site is optimized with the Yoast SEO plugin v27.4 - https:\/\/yoast.com\/product\/yoast-seo-wordpress\/ -->\n<title>Awards - Myrna Porcaro<\/title>\n<meta name=\"robots\" content=\"index, follow, max-snippet:-1, max-image-preview:large, max-video-preview:-1\" \/>\n<link rel=\"canonical\" href=\"https:\/\/myrnaporcaro.com\/es\/awards\/\" \/>\n<meta property=\"og:locale\" content=\"es_ES\" \/>\n<meta property=\"og:type\" content=\"article\" \/>\n<meta property=\"og:title\" content=\"Awards - Myrna Porcaro\" \/>\n<meta property=\"og:description\" content=\"La calidad en cada detalle y personalidad son aspectos importantes del trabajo de Myrna Porcaro, que estuvieron presentes en cada proyecto, ya sea residencial o comercial, y por supuesto, en los principales eventos de arquitectura y decoraci\u00f3n. Myrna ha ganado muchos premios como reconocimiento a su trabajo. Es un gran honor para ella. A continuaci\u00f3n, algunos de los premios de...\" \/>\n<meta property=\"og:url\" content=\"https:\/\/myrnaporcaro.com\/es\/awards\/\" \/>\n<meta property=\"og:site_name\" content=\"Myrna Porcaro\" \/>\n<meta property=\"article:modified_time\" content=\"2018-10-02T02:07:27+00:00\" \/>\n<meta name=\"twitter:card\" content=\"summary_large_image\" \/>\n<meta name=\"twitter:label1\" content=\"Tiempo de lectura\" \/>\n\t<meta name=\"twitter:data1\" content=\"2 minutos\" \/>\n<script type=\"application\/ld+json\" class=\"yoast-schema-graph\">{\"@context\":\"https:\\\/\\\/schema.org\",\"@graph\":[{\"@type\":\"WebPage\",\"@id\":\"https:\\\/\\\/myrnaporcaro.com\\\/es\\\/awards\\\/\",\"url\":\"https:\\\/\\\/myrnaporcaro.com\\\/es\\\/awards\\\/\",\"name\":\"Awards - Myrna Porcaro\",\"isPartOf\":{\"@id\":\"https:\\\/\\\/myrnaporcaro.com\\\/#website\"},\"datePublished\":\"2018-05-23T21:50:19+00:00\",\"dateModified\":\"2018-10-02T02:07:27+00:00\",\"breadcrumb\":{\"@id\":\"https:\\\/\\\/myrnaporcaro.com\\\/es\\\/awards\\\/#breadcrumb\"},\"inLanguage\":\"es\",\"potentialAction\":[{\"@type\":\"ReadAction\",\"target\":[\"https:\\\/\\\/myrnaporcaro.com\\\/es\\\/awards\\\/\"]}]},{\"@type\":\"BreadcrumbList\",\"@id\":\"https:\\\/\\\/myrnaporcaro.com\\\/es\\\/awards\\\/#breadcrumb\",\"itemListElement\":[{\"@type\":\"ListItem\",\"position\":1,\"name\":\"In\u00edcio\",\"item\":\"https:\\\/\\\/myrnaporcaro.com\\\/es\\\/\"},{\"@type\":\"ListItem\",\"position\":2,\"name\":\"Awards\"}]},{\"@type\":\"WebSite\",\"@id\":\"https:\\\/\\\/myrnaporcaro.com\\\/#website\",\"url\":\"https:\\\/\\\/myrnaporcaro.com\\\/\",\"name\":\"Myrna Porcaro\",\"description\":\"residential, business, commercial and rural projects. Preparing the architectural design to the final detailing and interior decoration.\",\"potentialAction\":[{\"@type\":\"SearchAction\",\"target\":{\"@type\":\"EntryPoint\",\"urlTemplate\":\"https:\\\/\\\/myrnaporcaro.com\\\/?s={search_term_string}\"},\"query-input\":{\"@type\":\"PropertyValueSpecification\",\"valueRequired\":true,\"valueName\":\"search_term_string\"}}],\"inLanguage\":\"es\"}]}<\/script>\n<!-- \/ Yoast SEO plugin. -->","yoast_head_json":{"title":"Awards - Myrna Porcaro","robots":{"index":"index","follow":"follow","max-snippet":"max-snippet:-1","max-image-preview":"max-image-preview:large","max-video-preview":"max-video-preview:-1"},"canonical":"https:\/\/myrnaporcaro.com\/es\/awards\/","og_locale":"es_ES","og_type":"article","og_title":"Awards - Myrna Porcaro","og_description":"La calidad en cada detalle y personalidad son aspectos importantes del trabajo de Myrna Porcaro, que estuvieron presentes en cada proyecto, ya sea residencial o comercial, y por supuesto, en los principales eventos de arquitectura y decoraci\u00f3n. Myrna ha ganado muchos premios como reconocimiento a su trabajo. Es un gran honor para ella. A continuaci\u00f3n, algunos de los premios de...","og_url":"https:\/\/myrnaporcaro.com\/es\/awards\/","og_site_name":"Myrna Porcaro","article_modified_time":"2018-10-02T02:07:27+00:00","twitter_card":"summary_large_image","twitter_misc":{"Tiempo de lectura":"2 minutos"},"schema":{"@context":"https:\/\/schema.org","@graph":[{"@type":"WebPage","@id":"https:\/\/myrnaporcaro.com\/es\/awards\/","url":"https:\/\/myrnaporcaro.com\/es\/awards\/","name":"Awards - Myrna Porcaro","isPartOf":{"@id":"https:\/\/myrnaporcaro.com\/#website"},"datePublished":"2018-05-23T21:50:19+00:00","dateModified":"2018-10-02T02:07:27+00:00","breadcrumb":{"@id":"https:\/\/myrnaporcaro.com\/es\/awards\/#breadcrumb"},"inLanguage":"es","potentialAction":[{"@type":"ReadAction","target":["https:\/\/myrnaporcaro.com\/es\/awards\/"]}]},{"@type":"BreadcrumbList","@id":"https:\/\/myrnaporcaro.com\/es\/awards\/#breadcrumb","itemListElement":[{"@type":"ListItem","position":1,"name":"In\u00edcio","item":"https:\/\/myrnaporcaro.com\/es\/"},{"@type":"ListItem","position":2,"name":"Awards"}]},{"@type":"WebSite","@id":"https:\/\/myrnaporcaro.com\/#website","url":"https:\/\/myrnaporcaro.com\/","name":"Myrna Porcaro","description":"residential, business, commercial and rural projects. Preparing the architectural design to the final detailing and interior decoration.","potentialAction":[{"@type":"SearchAction","target":{"@type":"EntryPoint","urlTemplate":"https:\/\/myrnaporcaro.com\/?s={search_term_string}"},"query-input":{"@type":"PropertyValueSpecification","valueRequired":true,"valueName":"search_term_string"}}],"inLanguage":"es"}]}},"_links":{"self":[{"href":"https:\/\/myrnaporcaro.com\/es\/wp-json\/wp\/v2\/pages\/8047","targetHints":{"allow":["GET"]}}],"collection":[{"href":"https:\/\/myrnaporcaro.com\/es\/wp-json\/wp\/v2\/pages"}],"about":[{"href":"https:\/\/myrnaporcaro.com\/es\/wp-json\/wp\/v2\/types\/page"}],"author":[{"embeddable":true,"href":"https:\/\/myrnaporcaro.com\/es\/wp-json\/wp\/v2\/users\/8"}],"replies":[{"embeddable":true,"href":"https:\/\/myrnaporcaro.com\/es\/wp-json\/wp\/v2\/comments?post=8047"}],"version-history":[{"count":5,"href":"https:\/\/myrnaporcaro.com\/es\/wp-json\/wp\/v2\/pages\/8047\/revisions"}],"predecessor-version":[{"id":8152,"href":"https:\/\/myrnaporcaro.com\/es\/wp-json\/wp\/v2\/pages\/8047\/revisions\/8152"}],"wp:attachment":[{"href":"https:\/\/myrnaporcaro.com\/es\/wp-json\/wp\/v2\/media?parent=8047"}],"curies":[{"name":"wp","href":"https:\/\/api.w.org\/{rel}","templated":true}]}}