{"id":8001,"date":"2018-05-23T14:03:50","date_gmt":"2018-05-23T17:03:50","guid":{"rendered":"https:\/\/myrnaporcaro.com\/?page_id=8001"},"modified":"2019-08-30T14:19:27","modified_gmt":"2019-08-30T17:19:27","slug":"myrna-porcaro","status":"publish","type":"page","link":"https:\/\/myrnaporcaro.com\/pt-br\/myrna-porcaro\/","title":{"rendered":"Myrna Porcaro"},"content":{"rendered":"<div class=\"rk-about\">\n<div class=\"col-md-12 header\">\n<div class=\"col-md-7 col-md-offset-4 text-center\">\n<h1>Myrna Porcaro<\/h1>\n<h2>Projetos de interiores residenciais em Miami<\/h2>\n<p>\u201cNosso objetivo \u00e9 integrar detalhes personalizados para projetar seus sonhos\u201d<\/p>\n<\/p><\/div>\n<\/p><\/div>\n<div class=\"col-md-4 image-myrna\">\n    <img decoding=\"async\" src=\"https:\/\/myrnaporcaro.com\/wp-content\/uploads\/2017\/08\/about-myrna.png\"><\/p><\/div>\n<\/div>\n<div class=\"row rk-design\">\n<div class=\"col-md-12 title text-center\">\n<h2> Myrna Godim Porcaro Desenhando Sonhos <\/h2>\n<\/p><\/div>\n<div class=\"col-md-12\">\n<div class=\"pull-left image\">\n      <img decoding=\"async\" src=\"https:\/\/myrnaporcaro.com\/wp-content\/uploads\/2017\/08\/design.png\">\n    <\/div>\n<div class=\"content text-justify\">\n<p>  Myrna come\u00e7ou a espalhar cores e inspira\u00e7\u00e3o em 1986 no Brasil, quando Myrna realizou seu primeiro projeto, uma casa no condom\u00ednio Retiro das Pedras, Nova Lima, Minas Gerais. Desde ent\u00e3o, muitos outros projetos revelam a fus\u00e3o de funcionalidade, beleza e sofistica\u00e7\u00e3o; em que uma ampla gama de elementos, como o fluxo de luz natural e a ilumina\u00e7\u00e3o adequada dos tons, as tonalidades apropriadas, de acordo com o dom\u00ednio dos tons e o uso de espelhos, esculturas, tecidos decorativos e pisos para todos os espa\u00e7os, est\u00e3o presentes.  <\/p>\n<p> Por mais de duas d\u00e9cadas, os clientes de Myrna admiram o design criativo e inovador exclusivo que ela oferece em cada reforma e novo projeto. Com escrit\u00f3rios em Miami e no Brasil, a empresa recebeu muitos pr\u00eamios e foi reconhecida em v\u00e1rias publica\u00e7\u00f5es. <\/p>\n<div style=\"clear:both;\"><\/div>\n<p style=\"font-style: italic;\"> Eleg\u00e2ncia, conforto, vivacidade, vivacidade e discri\u00e7\u00e3o s\u00e3o apenas algumas das muitas caracter\u00edsticas que os projetos de Myrna retratam. Cada projeto, desde o p\u00f3rtico e as fachadas at\u00e9 o espa\u00e7o mais privado, transmite exclusividade, vivacidade e conforto, como todo propriet\u00e1rio deseja. <\/p>\n<\/p><\/div>\n<\/p><\/div>\n<\/div>\n<div id=\"about\" class=\"row rk-about-myrna\">\n<div class=\"col-md-12\">\n<h2> Sobre Myrna <\/h2>\n<\/p><\/div>\n<div class=\"col-md-12\">\n<div class=\"pull-right image\">\n      <img decoding=\"async\" src=\"https:\/\/myrnaporcaro.com\/wp-content\/uploads\/2017\/08\/myrna-right.png\">\n    <\/div>\n<div  class=\"content text-justify\">\n<p> Em 1986, Myrna se formou na Universidade de Minas Gerais, no Brasil, onde obteve o diploma de arquiteto. Logo ap\u00f3s sua gradua\u00e7\u00e3o, ela se mudou para Paris, onde morou por tr\u00eas anos e participou de diferentes programas de arquitetura, a fim de prosseguir a educa\u00e7\u00e3o continuada em arquitetura. <\/p>\n<h3> A jornada de Myrna em Paris <\/h3>\n<p> Em pares, Myrna participou de cursos de Hist\u00f3ria da Arquitetura &#8220;Hist\u00f3ria da Arquitetura&#8221; no Museu do Louvre e, durante 1986 e 1987, obteve dois certificados na \u00c9cole d&#8217;Architecture Paris Tolbiac, &#8220;Certificat d&#8217;\u00e9tudes en approfondies in architecture&#8221;: <\/p>\n<ul>\n<li> Le Bois Dans L&#8217;Architecture, Une Architecture de Bois (Arquitetura de madeira, uma arquitetura de madeira) \u201d <\/li>\n<li> Architecture Economie et Des \u00c9quipements Culturelles (Arquitetura e Economia de Instala\u00e7\u00f5es Culturais). <\/li>\n<\/ul>\n<p> Enquanto estava na capital francesa, iniciando sua carreira como arquiteta, Myrna trabalhou em v\u00e1rios projetos, um deles como arquiteto e designer de projetos para resid\u00eancias particulares de fam\u00edlias distintas. <\/p>\n<h3> Volta de Paris &#8211; In\u00edcio da carreira de Myrna no Brasil <\/h3>\n<p> Desde o in\u00edcio dos anos 90, de volta ao Brasil, a Myrna trabalha em v\u00e1rios projetos residenciais e comerciais de destaque e em projetos urbanos inovadores em todo o pa\u00eds. Comprovando que a qualidade do design n\u00e3o \u00e9 governada por tamanho ou estilo, Myrna ganhou 21 pr\u00eamios e indica\u00e7\u00f5es desde 1999 ao longo de 2012 e foi destaque em muitos programas de televis\u00e3o e entrevistas no Brasil, al\u00e9m de imprimir artigos em mais de 95 revistas brasileiras e americanas especializadas em Arquitetura. Em 2015, Myrna publicou um livro, no qual fascina com seu estilo not\u00e1vel em v\u00e1rios projetos que concluiu no Brasil e em outros pa\u00edses.  <\/p>\n<h3> Entre Brasil e Miami <\/h3>\n<p> Seu amor pelo movimento das grandes cidades a inspirou a viver entre o Brasil e Miami. No Brasil, Myrna trabalha como designer de interiores licenciado. Em Miami, o foco de Myrna est\u00e1 no design de interiores residenciais. <\/p>\n<h3> Foco de Myrna <\/h3>\n<p> Myrna projeta sonhos desde seus primeiros anos e est\u00e1 comprometida em integrar as caracter\u00edsticas, personalidades, desejos e sonhos do cliente em seu trabalho, preservando sempre a intimidade do espa\u00e7o. Myrna procura criar intera\u00e7\u00e3o entre os quartos, ainda que delimite os espa\u00e7os, fomentar a amplitude dos espa\u00e7os e promover um ambiente harm\u00f4nico adequado \u00e0s atividades e rotinas di\u00e1rias do propriet\u00e1rio. <\/p>\n<\/p><\/div>\n<\/p><\/div>\n<\/div>\n<p><!-- <\/div>\n\n --><\/p>\n<div class=\"row rk-testimonial\">\n<h2 class=\"text-center\">TESTEMUNHOS<\/h2>\n<div class=\"col-md-6 images\">\n<div class=\"col-md-6 text-center\">\n<p>      <img decoding=\"async\" class=\"col-md-12\" id=\"image-test-1\" src=\"https:\/\/myrnaporcaro.com\/wp-content\/uploads\/2017\/08\/Lourdes.png\"><\/p>\n<p>Apartment Lourdes, Brazil<\/p>\n<p>Click to View More<\/p>\n<p>      <img decoding=\"async\" class=\"col-md-12\" id=\"image-test-2\" src=\"https:\/\/myrnaporcaro.com\/wp-content\/uploads\/2017\/08\/Rio.png\"><\/p>\n<p>Apartment Rio de Janeiro, Brazil<\/p>\n<p>Click to View More<\/p>\n<\/p><\/div>\n<div class=\"col-md-6 text-center\">\n      <img decoding=\"async\" class=\"col-md-12\" id=\"image-test-3\" src=\"https:\/\/myrnaporcaro.com\/wp-content\/uploads\/2017\/08\/Sunny-Isles.png\"><\/p>\n<p>Apartment Sunny Isles, USA<\/p>\n<p>Click to View More<\/p>\n<\/p><\/div>\n<div class=\"col-md-12 text-center\">\n      <img decoding=\"async\" id=\"image-test-4\" src=\"https:\/\/myrnaporcaro.com\/wp-content\/uploads\/2017\/08\/Farm.png\"><\/p>\n<p>Farm Alcatruz, Brazil<\/p>\n<p>Click to View More<\/p>\n<\/p><\/div>\n<\/p><\/div>\n<div class=\"col-md-6 comment\">\n<div class=\"comment-right col-md-12\">\n<h2 class=\"title\">\n Design de interiores<br \/>\n      <\/h2>\n<div class=\"bubble-outer right-b\">\n<div class=\"bubble\">\n<p> \u201cFalar sobre o trabalho de Myrna Porcaro \u00e9 t\u00e3o f\u00e1cil quanto falar sobre beleza, harmonia, alegria e amor. <\/p>\n<p> Minha hist\u00f3ria com Myrna come\u00e7ou h\u00e1 13 anos com a decora\u00e7\u00e3o do apartamento onde moro com minha fam\u00edlia; desde ent\u00e3o, a hist\u00f3ria continua, novos projetos chegaram no Rio de Janeiro, minha casa no Brasil e em Miami. <\/p>\n<p> Cada projeto realizado era como se eu tivesse participado da cria\u00e7\u00e3o de uma obra de arte, na qual eu estava cercado pelo poder criativo de Myrna, sua sensibilidade pelo que \u00e9 belo e harmonioso, seu dinamismo, sua seriedade e preocupa\u00e7\u00e3o com os resultados. Sempre priorizando em cada projeto a necessidade e o estilo de vida do cliente. <\/p>\n<p> A cada pincelada, \u00e0 medida que seus projetos criavam vida, crescia tamb\u00e9m a alegria e a expectativa de desfrutar de tudo o que ela proporcionava em seu trabalho. Hoje, em Belo Horizonte, Rio de Janeiro, Miami ou na fazenda, posso dizer que Myrna criou o cen\u00e1rio perfeito para perpetuar momentos vividos com a fam\u00edlia e amigos!<br \/> Obrigado Myrna por ter sua assinatura nas minhas telas !!! \u201d\n <\/p>\n<\/p><\/div>\n<div class=\"comment-lip\"><\/div>\n<\/p><\/div>\n<div class=\"name right\">\n        Ruth Guim\u00e4raes\n      <\/div>\n<\/p><\/div>\n<\/p><\/div>\n<\/p><\/div>\n","protected":false},"excerpt":{"rendered":"<p>Brazilian Architect &#038; Interior Designer,  Myrna Porcaro has realizes her passion for architecture when the was a little girl. In fact, it was an early choice. Genuinely fascinated by experiencing her house in progress makeover, Myrna Porcaro became closer to the clipboard and square , and that was enough for declaring in loud and clear: \u201cwhen I grow up I want to be an architect\u201d.<\/p>\n<p>In 1986, Myrna graduated from University of Minas Gerais in Brazil, and right after her graduation, she moved to Paris in order to pursue continuing education courses in architecture, attending many different Architecture programs for three years, where she was awarded with  &#8220;Certificat d&#8217;etudes en approfond\u00e9s in architecture\u201d  Ann\u00e9 1986\/1987,  at Escole d\u2019Architecture Paris Tolbiac and intitul\u00e9: Le bois dans l\u00e1rchitecture, Une architecture de bois (wood architecture, a wooden architecture)&#8221; and &#8220;Certificat d&#8217;etudes en approfond\u00e9s architecture &#8211; Ann\u00e9 1987\/1988, intitul\u00e9: Archhitecture economie et des equipementos culturelles (Architecture and economy of cultural facilities) &#8220;in addition to attending architectural history courses at the Louvre. Yet in the French capital, Myrna worked as Architect e Project Designer for the Bouleuc\u2019s Residence (9,500sqft), and many others project, starting her career as Architect.<\/p>\n<p>Back to Brazil in the beginning of 90\u201d, Myrna her name working with a number of notable residential &#038; commercial interiors, and innovate urban projects as well, all over the country, proving that design quality is not governed by size or style, Myrna won 21 Awards &#038; Nominations throughout 1999-2012, and still has been featured on many television shows &#038; interviews in Brazil, as well as print articles in over 95 brazilian Magazines specialized in Architecture.<\/p>\n","protected":false},"author":8,"featured_media":6097,"parent":0,"menu_order":0,"comment_status":"open","ping_status":"closed","template":"page-model-full-width.php","meta":{"_acf_changed":false,"_monsterinsights_skip_tracking":false,"_monsterinsights_sitenote_active":false,"_monsterinsights_sitenote_note":"","_monsterinsights_sitenote_category":0,"ngg_post_thumbnail":0,"footnotes":""},"class_list":["post-8001","page","type-page","status-publish","has-post-thumbnail","hentry"],"acf":[],"yoast_head":"<!-- This site is optimized with the Yoast SEO plugin v27.4 - https:\/\/yoast.com\/product\/yoast-seo-wordpress\/ -->\n<title>Myrna Porcaro - Myrna Porcaro<\/title>\n<meta name=\"robots\" content=\"index, follow, max-snippet:-1, max-image-preview:large, max-video-preview:-1\" \/>\n<link rel=\"canonical\" href=\"https:\/\/myrnaporcaro.com\/about-us\/myrna-porcaro\/\" \/>\n<meta property=\"og:locale\" content=\"pt_BR\" \/>\n<meta property=\"og:type\" content=\"article\" \/>\n<meta property=\"og:title\" content=\"Myrna Porcaro - Myrna Porcaro\" \/>\n<meta property=\"og:description\" content=\"Brazilian Architect &amp; Interior Designer, Myrna Porcaro has realizes her passion for architecture when the was a little girl. In fact, it was an early choice. Genuinely fascinated by experiencing her house in progress makeover, Myrna Porcaro became closer to the clipboard and square , and that was enough for declaring in loud and clear: \u201cwhen I grow up I want to be an architect\u201d.  In 1986, Myrna graduated from University of Minas Gerais in Brazil, and right after her graduation, she moved to Paris in order to pursue continuing education courses in architecture, attending many different Architecture programs for three years, where she was awarded with &quot;Certificat d&#039;etudes en approfond\u00e9s in architecture\u201d Ann\u00e9 1986\/1987, at Escole d\u2019Architecture Paris Tolbiac and intitul\u00e9: Le bois dans l\u00e1rchitecture, Une architecture de bois (wood architecture, a wooden architecture)&quot; and &quot;Certificat d&#039;etudes en approfond\u00e9s architecture - Ann\u00e9 1987\/1988, intitul\u00e9: Archhitecture economie et des equipementos culturelles (Architecture and economy of cultural facilities) &quot;in addition to attending architectural history courses at the Louvre. Yet in the French capital, Myrna worked as Architect e Project Designer for the Bouleuc\u2019s Residence (9,500sqft), and many others project, starting her career as Architect.  Back to Brazil in the beginning of 90\u201d, Myrna her name working with a number of notable residential &amp; commercial interiors, and innovate urban projects as well, all over the country, proving that design quality is not governed by size or style, Myrna won 21 Awards &amp; Nominations throughout 1999-2012, and still has been featured on many television shows &amp; interviews in Brazil, as well as print articles in over 95 brazilian Magazines specialized in Architecture.\" \/>\n<meta property=\"og:url\" content=\"https:\/\/myrnaporcaro.com\/about-us\/myrna-porcaro\/\" \/>\n<meta property=\"og:site_name\" content=\"Myrna Porcaro\" \/>\n<meta property=\"article:modified_time\" content=\"2019-08-30T17:19:27+00:00\" \/>\n<meta property=\"og:image\" content=\"https:\/\/myrnaporcaro.com\/wp-content\/uploads\/2015\/05\/DSC_12591.jpg\" \/>\n\t<meta property=\"og:image:width\" content=\"685\" \/>\n\t<meta property=\"og:image:height\" content=\"1024\" \/>\n\t<meta property=\"og:image:type\" content=\"image\/jpeg\" \/>\n<meta name=\"twitter:card\" content=\"summary_large_image\" \/>\n<meta name=\"twitter:label1\" content=\"Est. tempo de leitura\" \/>\n\t<meta name=\"twitter:data1\" content=\"4 minutos\" \/>\n<script type=\"application\/ld+json\" class=\"yoast-schema-graph\">{\"@context\":\"https:\\\/\\\/schema.org\",\"@graph\":[{\"@type\":\"WebPage\",\"@id\":\"https:\\\/\\\/myrnaporcaro.com\\\/about-us\\\/myrna-porcaro\\\/\",\"url\":\"https:\\\/\\\/myrnaporcaro.com\\\/about-us\\\/myrna-porcaro\\\/\",\"name\":\"Myrna Porcaro - Myrna Porcaro\",\"isPartOf\":{\"@id\":\"https:\\\/\\\/myrnaporcaro.com\\\/#website\"},\"primaryImageOfPage\":{\"@id\":\"https:\\\/\\\/myrnaporcaro.com\\\/about-us\\\/myrna-porcaro\\\/#primaryimage\"},\"image\":{\"@id\":\"https:\\\/\\\/myrnaporcaro.com\\\/about-us\\\/myrna-porcaro\\\/#primaryimage\"},\"thumbnailUrl\":\"https:\\\/\\\/myrnaporcaro.com\\\/wp-content\\\/uploads\\\/2015\\\/05\\\/DSC_12591.jpg\",\"datePublished\":\"2018-05-23T17:03:50+00:00\",\"dateModified\":\"2019-08-30T17:19:27+00:00\",\"breadcrumb\":{\"@id\":\"https:\\\/\\\/myrnaporcaro.com\\\/about-us\\\/myrna-porcaro\\\/#breadcrumb\"},\"inLanguage\":\"pt-BR\",\"potentialAction\":[{\"@type\":\"ReadAction\",\"target\":[\"https:\\\/\\\/myrnaporcaro.com\\\/about-us\\\/myrna-porcaro\\\/\"]}]},{\"@type\":\"ImageObject\",\"inLanguage\":\"pt-BR\",\"@id\":\"https:\\\/\\\/myrnaporcaro.com\\\/about-us\\\/myrna-porcaro\\\/#primaryimage\",\"url\":\"https:\\\/\\\/myrnaporcaro.com\\\/wp-content\\\/uploads\\\/2015\\\/05\\\/DSC_12591.jpg\",\"contentUrl\":\"https:\\\/\\\/myrnaporcaro.com\\\/wp-content\\\/uploads\\\/2015\\\/05\\\/DSC_12591.jpg\",\"width\":685,\"height\":1024},{\"@type\":\"BreadcrumbList\",\"@id\":\"https:\\\/\\\/myrnaporcaro.com\\\/about-us\\\/myrna-porcaro\\\/#breadcrumb\",\"itemListElement\":[{\"@type\":\"ListItem\",\"position\":1,\"name\":\"In\u00edcio\",\"item\":\"https:\\\/\\\/myrnaporcaro.com\\\/pt-br\\\/\"},{\"@type\":\"ListItem\",\"position\":2,\"name\":\"Myrna Porcaro\"}]},{\"@type\":\"WebSite\",\"@id\":\"https:\\\/\\\/myrnaporcaro.com\\\/#website\",\"url\":\"https:\\\/\\\/myrnaporcaro.com\\\/\",\"name\":\"Myrna Porcaro\",\"description\":\"residential, business, commercial and rural projects. Preparing the architectural design to the final detailing and interior decoration.\",\"potentialAction\":[{\"@type\":\"SearchAction\",\"target\":{\"@type\":\"EntryPoint\",\"urlTemplate\":\"https:\\\/\\\/myrnaporcaro.com\\\/?s={search_term_string}\"},\"query-input\":{\"@type\":\"PropertyValueSpecification\",\"valueRequired\":true,\"valueName\":\"search_term_string\"}}],\"inLanguage\":\"pt-BR\"}]}<\/script>\n<!-- \/ Yoast SEO plugin. -->","yoast_head_json":{"title":"Myrna Porcaro - Myrna Porcaro","robots":{"index":"index","follow":"follow","max-snippet":"max-snippet:-1","max-image-preview":"max-image-preview:large","max-video-preview":"max-video-preview:-1"},"canonical":"https:\/\/myrnaporcaro.com\/about-us\/myrna-porcaro\/","og_locale":"pt_BR","og_type":"article","og_title":"Myrna Porcaro - Myrna Porcaro","og_description":"Brazilian Architect & Interior Designer, Myrna Porcaro has realizes her passion for architecture when the was a little girl. In fact, it was an early choice. Genuinely fascinated by experiencing her house in progress makeover, Myrna Porcaro became closer to the clipboard and square , and that was enough for declaring in loud and clear: \u201cwhen I grow up I want to be an architect\u201d.  In 1986, Myrna graduated from University of Minas Gerais in Brazil, and right after her graduation, she moved to Paris in order to pursue continuing education courses in architecture, attending many different Architecture programs for three years, where she was awarded with \"Certificat d'etudes en approfond\u00e9s in architecture\u201d Ann\u00e9 1986\/1987, at Escole d\u2019Architecture Paris Tolbiac and intitul\u00e9: Le bois dans l\u00e1rchitecture, Une architecture de bois (wood architecture, a wooden architecture)\" and \"Certificat d'etudes en approfond\u00e9s architecture - Ann\u00e9 1987\/1988, intitul\u00e9: Archhitecture economie et des equipementos culturelles (Architecture and economy of cultural facilities) \"in addition to attending architectural history courses at the Louvre. Yet in the French capital, Myrna worked as Architect e Project Designer for the Bouleuc\u2019s Residence (9,500sqft), and many others project, starting her career as Architect.  Back to Brazil in the beginning of 90\u201d, Myrna her name working with a number of notable residential & commercial interiors, and innovate urban projects as well, all over the country, proving that design quality is not governed by size or style, Myrna won 21 Awards & Nominations throughout 1999-2012, and still has been featured on many television shows & interviews in Brazil, as well as print articles in over 95 brazilian Magazines specialized in Architecture.","og_url":"https:\/\/myrnaporcaro.com\/about-us\/myrna-porcaro\/","og_site_name":"Myrna Porcaro","article_modified_time":"2019-08-30T17:19:27+00:00","og_image":[{"width":685,"height":1024,"url":"https:\/\/myrnaporcaro.com\/wp-content\/uploads\/2015\/05\/DSC_12591.jpg","type":"image\/jpeg"}],"twitter_card":"summary_large_image","twitter_misc":{"Est. tempo de leitura":"4 minutos"},"schema":{"@context":"https:\/\/schema.org","@graph":[{"@type":"WebPage","@id":"https:\/\/myrnaporcaro.com\/about-us\/myrna-porcaro\/","url":"https:\/\/myrnaporcaro.com\/about-us\/myrna-porcaro\/","name":"Myrna Porcaro - Myrna Porcaro","isPartOf":{"@id":"https:\/\/myrnaporcaro.com\/#website"},"primaryImageOfPage":{"@id":"https:\/\/myrnaporcaro.com\/about-us\/myrna-porcaro\/#primaryimage"},"image":{"@id":"https:\/\/myrnaporcaro.com\/about-us\/myrna-porcaro\/#primaryimage"},"thumbnailUrl":"https:\/\/myrnaporcaro.com\/wp-content\/uploads\/2015\/05\/DSC_12591.jpg","datePublished":"2018-05-23T17:03:50+00:00","dateModified":"2019-08-30T17:19:27+00:00","breadcrumb":{"@id":"https:\/\/myrnaporcaro.com\/about-us\/myrna-porcaro\/#breadcrumb"},"inLanguage":"pt-BR","potentialAction":[{"@type":"ReadAction","target":["https:\/\/myrnaporcaro.com\/about-us\/myrna-porcaro\/"]}]},{"@type":"ImageObject","inLanguage":"pt-BR","@id":"https:\/\/myrnaporcaro.com\/about-us\/myrna-porcaro\/#primaryimage","url":"https:\/\/myrnaporcaro.com\/wp-content\/uploads\/2015\/05\/DSC_12591.jpg","contentUrl":"https:\/\/myrnaporcaro.com\/wp-content\/uploads\/2015\/05\/DSC_12591.jpg","width":685,"height":1024},{"@type":"BreadcrumbList","@id":"https:\/\/myrnaporcaro.com\/about-us\/myrna-porcaro\/#breadcrumb","itemListElement":[{"@type":"ListItem","position":1,"name":"In\u00edcio","item":"https:\/\/myrnaporcaro.com\/pt-br\/"},{"@type":"ListItem","position":2,"name":"Myrna Porcaro"}]},{"@type":"WebSite","@id":"https:\/\/myrnaporcaro.com\/#website","url":"https:\/\/myrnaporcaro.com\/","name":"Myrna Porcaro","description":"residential, business, commercial and rural projects. Preparing the architectural design to the final detailing and interior decoration.","potentialAction":[{"@type":"SearchAction","target":{"@type":"EntryPoint","urlTemplate":"https:\/\/myrnaporcaro.com\/?s={search_term_string}"},"query-input":{"@type":"PropertyValueSpecification","valueRequired":true,"valueName":"search_term_string"}}],"inLanguage":"pt-BR"}]}},"_links":{"self":[{"href":"https:\/\/myrnaporcaro.com\/pt-br\/wp-json\/wp\/v2\/pages\/8001","targetHints":{"allow":["GET"]}}],"collection":[{"href":"https:\/\/myrnaporcaro.com\/pt-br\/wp-json\/wp\/v2\/pages"}],"about":[{"href":"https:\/\/myrnaporcaro.com\/pt-br\/wp-json\/wp\/v2\/types\/page"}],"author":[{"embeddable":true,"href":"https:\/\/myrnaporcaro.com\/pt-br\/wp-json\/wp\/v2\/users\/8"}],"replies":[{"embeddable":true,"href":"https:\/\/myrnaporcaro.com\/pt-br\/wp-json\/wp\/v2\/comments?post=8001"}],"version-history":[{"count":7,"href":"https:\/\/myrnaporcaro.com\/pt-br\/wp-json\/wp\/v2\/pages\/8001\/revisions"}],"predecessor-version":[{"id":8301,"href":"https:\/\/myrnaporcaro.com\/pt-br\/wp-json\/wp\/v2\/pages\/8001\/revisions\/8301"}],"wp:featuredmedia":[{"embeddable":true,"href":"https:\/\/myrnaporcaro.com\/pt-br\/wp-json\/wp\/v2\/media\/6097"}],"wp:attachment":[{"href":"https:\/\/myrnaporcaro.com\/pt-br\/wp-json\/wp\/v2\/media?parent=8001"}],"curies":[{"name":"wp","href":"https:\/\/api.w.org\/{rel}","templated":true}]}}