{"id":8011,"date":"2018-05-23T16:09:31","date_gmt":"2018-05-23T19:09:31","guid":{"rendered":"https:\/\/myrnaporcaro.com\/?page_id=8011"},"modified":"2019-08-30T15:00:21","modified_gmt":"2019-08-30T18:00:21","slug":"services","status":"publish","type":"page","link":"https:\/\/myrnaporcaro.com\/pt-br\/services\/","title":{"rendered":"Services"},"content":{"rendered":"<p><!-- \n\n<div class=\"container-fluid\"> --><\/p>\n<div class=\"row rk-service\">\n<div class=\"col-md-12 header\">\n<div class=\"col-md-12 text-center\">\n<h1> DESIGN DE INTERIORES INSPIRADO EM TEND\u00caNCIAS MUNDIAIS <\/h1>\n<p>\u201cMeu talento, fundindo cores, texturas e estilos, cria um ambiente exclusivo\u201d<\/p>\n<\/p><\/div>\n<\/p><\/div>\n<\/div>\n<div class=\"row rk-ser-design\">\n<h2 class=\"text-center teal-font\"> Servi\u00e7os de design de interiores <\/h2>\n<h3 class=\"text-center\"> Criando, inovando, reinventando e surpreendendo. <\/h3>\n<p class=\"text-justify\"> Myrna leva todos os tipos de projetos residenciais de design de interiores. Myrna visita o espa\u00e7o e se re\u00fane com o cliente para reunir detalhes e entender o estilo de desejo e a meta de estabelecer detalhes para a conclus\u00e3o de cada projeto. Para reformas, ela aconselha quais m\u00f3veis e decora\u00e7\u00e3o merecem ficar. Se voc\u00ea tem m\u00f3veis antigos que deseja guardar, \u00e9 claro que pode ser inclu\u00eddo; desde que corresponda ao novo estilo que voc\u00ea deseja. <\/p>\n<p class=\"text-justify\"> O trabalho de Myrna reflete uma mistura de alturas, retiros, profundidades e ilumina\u00e7\u00e3o. Equilibra plenitude e vazio, bem como linhas e curvas; Refor\u00e7a volume e simetrias, transcende o tempo, harmoniza natureza e luxo, gerenciando sempre o or\u00e7amento. <\/p>\n<p class=\"text-justify\"> Myrna tem experi\u00eancia no gerenciamento de um projeto, desde o est\u00e1gio inicial at\u00e9 a conclus\u00e3o, ela pode se empenhar em qualquer tipo de design de interiores residenciais e transformar qualquer espa\u00e7o. Ela gosta de novos desafios e cria a atmosfera que voc\u00ea deseja. Grandes ou pequenos, os desenhos de Myrna s\u00e3o sempre uma obra de arte \u00fanica. Ligue para a Myrna se estiver interessado em reinventar seu espa\u00e7o para:\n<\/p>\n<div class=\"row service-circles\">\n<div class=\"col-sm-4 text-center one\">\n      <a href=\"#one\"><img decoding=\"async\" src=\"https:\/\/myrnaporcaro.com\/wp-content\/uploads\/2017\/08\/residential.png\"><\/p>\n<h4>RESIDENCIAL <\/h4>\n<p><\/a>\n    <\/div>\n<div class=\"col-sm-4 text-center three\">\n      <a href=\"#three\"><img decoding=\"async\" src=\"https:\/\/myrnaporcaro.com\/wp-content\/uploads\/2017\/08\/showroom.png\"><\/p>\n<h4>STAGING <\/h4>\n<p><\/a>\n    <\/div>\n<div class=\"col-sm-4 text-center four\">\n      <a href=\"#four\"><img decoding=\"async\" src=\"https:\/\/myrnaporcaro.com\/wp-content\/uploads\/2017\/08\/country.png\"><\/p>\n<h4>CASAS DE F\u00c9RIAS<\/h4>\n<p><\/a>\n    <\/div>\n<\/p><\/div>\n<div class=\"col-md-12 text-center\">\n<h3 class=\"teal-font italic\"> Vamos conhecer e determinar seu or\u00e7amento para atingir seus objetivos. <\/h3>\n<\/p><\/div>\n<\/div>\n<div class=\"container-fluid rk-ser-interior\">\n<div id=\"oney\" class=\"content\">\n<h2> Design De Interiores Residencial <\/h2>\n<\/p><\/div>\n<div class=\"image\">\n    <img decoding=\"async\" src=\"https:\/\/myrnaporcaro.com\/wp-content\/uploads\/2017\/08\/service-residential.png\">\n  <\/div>\n<div id=\"one\" class=\"content\">\n<p class=\"text-justify\"> Fornecemos um servi\u00e7o profissional e personalizado de design de interiores. Gerenciamos o projeto considerando o or\u00e7amento de cada cliente, sempre integrando conforto, beleza e funcionalidade. Garantimos que sua casa reflete seu gosto e estilo. <\/p>\n<p class=\"text-justify\"> A experi\u00eancia de Myrna inclui a sele\u00e7\u00e3o de material acabado. Ela trabalha diretamente com uma extensa lista de fornecedores e lojas acess\u00edveis de design para tornar sua experi\u00eancia mais agrad\u00e1vel ao escolher m\u00f3veis, ilumina\u00e7\u00e3o, tecidos, tecidos, esquemas de cores, cortinas, revestimento de paredes, persianas, tratamento de janelas, roupas de cama, obras de arte, tapetes, acess\u00f3rios e layouts. Se voc\u00ea procura um toque r\u00fastico, ele ser\u00e1 adaptado ao design. <\/p>\n<\/p><\/div>\n<\/div>\n<div id=\"three\" class=\"container-fluid rk-ser-showrooms\">\n<div class=\"content\">\n<h2>Estadiamento <\/h2>\n<\/div>\n<div class=\"image\">\n    <img decoding=\"async\" src=\"https:\/\/myrnaporcaro.com\/wp-content\/uploads\/2017\/08\/service-showroom.png\"><\/p><\/div>\n<div class=\"content\">\n<p class=\"text-justify\"> Um espa\u00e7o adequadamente projetado para sua fun\u00e7\u00e3o ser\u00e1 sempre mais eficaz. Casas \u00e0 venda devem ter beleza, equil\u00edbrio e, acima de tudo, estilo em todos os cantos. \u00c9 essencial escolher a combina\u00e7\u00e3o certa de m\u00f3veis, obras de arte ou pe\u00e7as decorativas. A configura\u00e7\u00e3o deve falar por si mesma e refletir o valor e a fun\u00e7\u00e3o que cada pe\u00e7a fornecer\u00e1 a todos os propriet\u00e1rios depois que a incorporarem em uma sala. A casa \u00e0 venda deve envolver cada cliente que entra, para faz\u00ea-los sentir a simplicidade e sofistica\u00e7\u00e3o que desejam ter em sua nova casa.  <\/p>\n<\/p><\/div>\n<\/div>\n<div class=\"row rk-ser-country\">\n<div id=\"foury\" class=\"content\">\n<h2 class=\"teal-font\">Casas de f\u00e9rias<\/h2>\n<\/p><\/div>\n<div class=\"image\">\n    <img decoding=\"async\" src=\"https:\/\/myrnaporcaro.com\/wp-content\/uploads\/2017\/08\/service-country.png\"><\/p><\/div>\n<div id=\"four\" class=\"content\">\n<p class=\"text-justify\"> Possuir uma casa de campo \u00e9 uma oportunidade ador\u00e1vel, n\u00e3o apenas para desfrutar de momentos mais pr\u00f3ximos da m\u00e3e natureza, mas tamb\u00e9m para incorporar pe\u00e7as r\u00fasticas sob medida e material reciclado ao design de interiores. Os amplos espa\u00e7os que a maioria das fazendas oferece, a ilumina\u00e7\u00e3o natural, as paisagens e a proximidade com o meio ambiente natural s\u00e3o apenas algumas das m\u00faltiplas vantagens que podemos encontrar em um projeto de design de interiores para uma fazenda. <\/p>\n<p class=\"text-justify\"> Trazer o exterior para dentro e complementar a ilumina\u00e7\u00e3o natural com a sala de estar ou o design de qualquer outra sala da sua casa de f\u00e9rias \u00e9 uma fra\u00e7\u00e3o da paix\u00e3o que sentimos por nossos projetos de design de interiores. <\/p>\n<\/p><\/div>\n<\/div>\n<div class=\"container-fluid rk-ser-inspire text-center\">\n<h2> Design de interiores funcional que inspira e evoca <\/h2>\n<h3> Amplitude <\/h3>\n<h3>Sofistica\u00e7\u00e3o<\/h3>\n<h3>Eleg\u00e2ncia<\/h3>\n<h3 style=\"margin-bottom:20px;\">Equilibrar<\/h3>\n<\/div>\n","protected":false},"excerpt":{"rendered":"<p>DESIGN DE INTERIORES INSPIRADO EM TEND\u00caNCIAS MUNDIAIS \u201cMeu talento, fundindo cores, texturas e estilos, cria um ambiente exclusivo\u201d Servi\u00e7os de design de interiores Criando, inovando, reinventando e surpreendendo. Myrna leva todos os tipos de projetos residenciais de design de interiores. Myrna visita o espa\u00e7o e se re\u00fane com o cliente para reunir detalhes e entender o estilo de desejo e&#8230;<\/p>\n","protected":false},"author":8,"featured_media":0,"parent":0,"menu_order":0,"comment_status":"closed","ping_status":"closed","template":"page-model-full-width.php","meta":{"_acf_changed":false,"_monsterinsights_skip_tracking":false,"_monsterinsights_sitenote_active":false,"_monsterinsights_sitenote_note":"","_monsterinsights_sitenote_category":0,"ngg_post_thumbnail":0,"footnotes":""},"class_list":["post-8011","page","type-page","status-publish","hentry"],"acf":[],"yoast_head":"<!-- This site is optimized with the Yoast SEO plugin v27.4 - https:\/\/yoast.com\/product\/yoast-seo-wordpress\/ -->\n<title>Services - Myrna Porcaro<\/title>\n<meta name=\"robots\" content=\"index, follow, max-snippet:-1, max-image-preview:large, max-video-preview:-1\" \/>\n<link rel=\"canonical\" href=\"https:\/\/myrnaporcaro.com\/pt-br\/services\/\" \/>\n<meta property=\"og:locale\" content=\"pt_BR\" \/>\n<meta property=\"og:type\" content=\"article\" \/>\n<meta property=\"og:title\" content=\"Services - Myrna Porcaro\" \/>\n<meta property=\"og:description\" content=\"DESIGN DE INTERIORES INSPIRADO EM TEND\u00caNCIAS MUNDIAIS \u201cMeu talento, fundindo cores, texturas e estilos, cria um ambiente exclusivo\u201d Servi\u00e7os de design de interiores Criando, inovando, reinventando e surpreendendo. Myrna leva todos os tipos de projetos residenciais de design de interiores. Myrna visita o espa\u00e7o e se re\u00fane com o cliente para reunir detalhes e entender o estilo de desejo e...\" \/>\n<meta property=\"og:url\" content=\"https:\/\/myrnaporcaro.com\/pt-br\/services\/\" \/>\n<meta property=\"og:site_name\" content=\"Myrna Porcaro\" \/>\n<meta property=\"article:modified_time\" content=\"2019-08-30T18:00:21+00:00\" \/>\n<meta property=\"og:image\" content=\"https:\/\/myrnaporcaro.com\/wp-content\/uploads\/2017\/08\/residential.png\" \/>\n<meta name=\"twitter:card\" content=\"summary_large_image\" \/>\n<meta name=\"twitter:label1\" content=\"Est. tempo de leitura\" \/>\n\t<meta name=\"twitter:data1\" content=\"3 minutos\" \/>\n<script type=\"application\/ld+json\" class=\"yoast-schema-graph\">{\"@context\":\"https:\\\/\\\/schema.org\",\"@graph\":[{\"@type\":\"WebPage\",\"@id\":\"https:\\\/\\\/myrnaporcaro.com\\\/pt-br\\\/services\\\/\",\"url\":\"https:\\\/\\\/myrnaporcaro.com\\\/pt-br\\\/services\\\/\",\"name\":\"Services - Myrna Porcaro\",\"isPartOf\":{\"@id\":\"https:\\\/\\\/myrnaporcaro.com\\\/#website\"},\"primaryImageOfPage\":{\"@id\":\"https:\\\/\\\/myrnaporcaro.com\\\/pt-br\\\/services\\\/#primaryimage\"},\"image\":{\"@id\":\"https:\\\/\\\/myrnaporcaro.com\\\/pt-br\\\/services\\\/#primaryimage\"},\"thumbnailUrl\":\"https:\\\/\\\/myrnaporcaro.com\\\/wp-content\\\/uploads\\\/2017\\\/08\\\/residential.png\",\"datePublished\":\"2018-05-23T19:09:31+00:00\",\"dateModified\":\"2019-08-30T18:00:21+00:00\",\"breadcrumb\":{\"@id\":\"https:\\\/\\\/myrnaporcaro.com\\\/pt-br\\\/services\\\/#breadcrumb\"},\"inLanguage\":\"pt-BR\",\"potentialAction\":[{\"@type\":\"ReadAction\",\"target\":[\"https:\\\/\\\/myrnaporcaro.com\\\/pt-br\\\/services\\\/\"]}]},{\"@type\":\"ImageObject\",\"inLanguage\":\"pt-BR\",\"@id\":\"https:\\\/\\\/myrnaporcaro.com\\\/pt-br\\\/services\\\/#primaryimage\",\"url\":\"https:\\\/\\\/myrnaporcaro.com\\\/wp-content\\\/uploads\\\/2017\\\/08\\\/residential.png\",\"contentUrl\":\"https:\\\/\\\/myrnaporcaro.com\\\/wp-content\\\/uploads\\\/2017\\\/08\\\/residential.png\"},{\"@type\":\"BreadcrumbList\",\"@id\":\"https:\\\/\\\/myrnaporcaro.com\\\/pt-br\\\/services\\\/#breadcrumb\",\"itemListElement\":[{\"@type\":\"ListItem\",\"position\":1,\"name\":\"In\u00edcio\",\"item\":\"https:\\\/\\\/myrnaporcaro.com\\\/pt-br\\\/\"},{\"@type\":\"ListItem\",\"position\":2,\"name\":\"Services\"}]},{\"@type\":\"WebSite\",\"@id\":\"https:\\\/\\\/myrnaporcaro.com\\\/#website\",\"url\":\"https:\\\/\\\/myrnaporcaro.com\\\/\",\"name\":\"Myrna Porcaro\",\"description\":\"residential, business, commercial and rural projects. Preparing the architectural design to the final detailing and interior decoration.\",\"potentialAction\":[{\"@type\":\"SearchAction\",\"target\":{\"@type\":\"EntryPoint\",\"urlTemplate\":\"https:\\\/\\\/myrnaporcaro.com\\\/?s={search_term_string}\"},\"query-input\":{\"@type\":\"PropertyValueSpecification\",\"valueRequired\":true,\"valueName\":\"search_term_string\"}}],\"inLanguage\":\"pt-BR\"}]}<\/script>\n<!-- \/ Yoast SEO plugin. -->","yoast_head_json":{"title":"Services - Myrna Porcaro","robots":{"index":"index","follow":"follow","max-snippet":"max-snippet:-1","max-image-preview":"max-image-preview:large","max-video-preview":"max-video-preview:-1"},"canonical":"https:\/\/myrnaporcaro.com\/pt-br\/services\/","og_locale":"pt_BR","og_type":"article","og_title":"Services - Myrna Porcaro","og_description":"DESIGN DE INTERIORES INSPIRADO EM TEND\u00caNCIAS MUNDIAIS \u201cMeu talento, fundindo cores, texturas e estilos, cria um ambiente exclusivo\u201d Servi\u00e7os de design de interiores Criando, inovando, reinventando e surpreendendo. Myrna leva todos os tipos de projetos residenciais de design de interiores. Myrna visita o espa\u00e7o e se re\u00fane com o cliente para reunir detalhes e entender o estilo de desejo e...","og_url":"https:\/\/myrnaporcaro.com\/pt-br\/services\/","og_site_name":"Myrna Porcaro","article_modified_time":"2019-08-30T18:00:21+00:00","og_image":[{"url":"https:\/\/myrnaporcaro.com\/wp-content\/uploads\/2017\/08\/residential.png","type":"","width":"","height":""}],"twitter_card":"summary_large_image","twitter_misc":{"Est. tempo de leitura":"3 minutos"},"schema":{"@context":"https:\/\/schema.org","@graph":[{"@type":"WebPage","@id":"https:\/\/myrnaporcaro.com\/pt-br\/services\/","url":"https:\/\/myrnaporcaro.com\/pt-br\/services\/","name":"Services - Myrna Porcaro","isPartOf":{"@id":"https:\/\/myrnaporcaro.com\/#website"},"primaryImageOfPage":{"@id":"https:\/\/myrnaporcaro.com\/pt-br\/services\/#primaryimage"},"image":{"@id":"https:\/\/myrnaporcaro.com\/pt-br\/services\/#primaryimage"},"thumbnailUrl":"https:\/\/myrnaporcaro.com\/wp-content\/uploads\/2017\/08\/residential.png","datePublished":"2018-05-23T19:09:31+00:00","dateModified":"2019-08-30T18:00:21+00:00","breadcrumb":{"@id":"https:\/\/myrnaporcaro.com\/pt-br\/services\/#breadcrumb"},"inLanguage":"pt-BR","potentialAction":[{"@type":"ReadAction","target":["https:\/\/myrnaporcaro.com\/pt-br\/services\/"]}]},{"@type":"ImageObject","inLanguage":"pt-BR","@id":"https:\/\/myrnaporcaro.com\/pt-br\/services\/#primaryimage","url":"https:\/\/myrnaporcaro.com\/wp-content\/uploads\/2017\/08\/residential.png","contentUrl":"https:\/\/myrnaporcaro.com\/wp-content\/uploads\/2017\/08\/residential.png"},{"@type":"BreadcrumbList","@id":"https:\/\/myrnaporcaro.com\/pt-br\/services\/#breadcrumb","itemListElement":[{"@type":"ListItem","position":1,"name":"In\u00edcio","item":"https:\/\/myrnaporcaro.com\/pt-br\/"},{"@type":"ListItem","position":2,"name":"Services"}]},{"@type":"WebSite","@id":"https:\/\/myrnaporcaro.com\/#website","url":"https:\/\/myrnaporcaro.com\/","name":"Myrna Porcaro","description":"residential, business, commercial and rural projects. Preparing the architectural design to the final detailing and interior decoration.","potentialAction":[{"@type":"SearchAction","target":{"@type":"EntryPoint","urlTemplate":"https:\/\/myrnaporcaro.com\/?s={search_term_string}"},"query-input":{"@type":"PropertyValueSpecification","valueRequired":true,"valueName":"search_term_string"}}],"inLanguage":"pt-BR"}]}},"_links":{"self":[{"href":"https:\/\/myrnaporcaro.com\/pt-br\/wp-json\/wp\/v2\/pages\/8011","targetHints":{"allow":["GET"]}}],"collection":[{"href":"https:\/\/myrnaporcaro.com\/pt-br\/wp-json\/wp\/v2\/pages"}],"about":[{"href":"https:\/\/myrnaporcaro.com\/pt-br\/wp-json\/wp\/v2\/types\/page"}],"author":[{"embeddable":true,"href":"https:\/\/myrnaporcaro.com\/pt-br\/wp-json\/wp\/v2\/users\/8"}],"replies":[{"embeddable":true,"href":"https:\/\/myrnaporcaro.com\/pt-br\/wp-json\/wp\/v2\/comments?post=8011"}],"version-history":[{"count":9,"href":"https:\/\/myrnaporcaro.com\/pt-br\/wp-json\/wp\/v2\/pages\/8011\/revisions"}],"predecessor-version":[{"id":8303,"href":"https:\/\/myrnaporcaro.com\/pt-br\/wp-json\/wp\/v2\/pages\/8011\/revisions\/8303"}],"wp:attachment":[{"href":"https:\/\/myrnaporcaro.com\/pt-br\/wp-json\/wp\/v2\/media?parent=8011"}],"curies":[{"name":"wp","href":"https:\/\/api.w.org\/{rel}","templated":true}]}}