{"id":8043,"date":"2018-05-23T18:42:23","date_gmt":"2018-05-23T21:42:23","guid":{"rendered":"https:\/\/myrnaporcaro.com\/?page_id=8043"},"modified":"2018-10-01T22:45:25","modified_gmt":"2018-10-02T01:45:25","slug":"awards","status":"publish","type":"page","link":"https:\/\/myrnaporcaro.com\/pt-br\/awards\/","title":{"rendered":"Awards"},"content":{"rendered":"<div class=\"\" style=\"margin:20px\">\nQualidade em cada detalhe e personalidade s\u00e3o aspectos fortes da obra de Myrna Porcaro, que estavam presentes em cada projeto, seja residencial ou comercial, e, claro, em grandes eventos de arquitetura e decora\u00e7\u00e3o. Como reconhecimento pelo trabalho de Myrna, muitos pr\u00eamios foram ganhos. Isso \u00e9 uma grande honra para ela.<\/p>\n<p>Como segue alguns dos pr\u00eamios da Myrna:<\/p>\n<ul id=\"lista-premios\">\n<li>\n<h3 class=\"tit-ano\">2012<\/h3>\n<ul class=\"lista-premios\">\n<li>Primeiro lugar &#8211; 5 \u2032 Pr\u00eamio on-line Editora Olga Krell de decora\u00e7\u00e3o 2012 &#8211; Categoria &#8211; apartamentos<\/li>\n<li>Primeiro lugar &#8211; 8 \u2032 pr\u00eamio Amide de decora\u00e7\u00e3o &#8211; Categoria &#8211; apartamentos<\/li>\n<li>Segundo lugar &#8211; Pr\u00eamio Tile Brasil &#8211; Projetos com cer\u00e2micas<\/li>\n<li>Pr\u00eamio Brasil de alta qualidade &#8211; destaque e credibilidade no cen\u00e1rio empresarial<\/li>\n<\/ul>\n<\/li>\n<li>\n<h3 class=\"tit-ano\">2011<\/h3>\n<ul class=\"lista-premios\">\n<li>Segundo lugar &#8211; 4 \u2032 Pr\u00eamio on-line Editora Olga Krell de Decora\u00e7\u00e3o &#8211; Categoria &#8211; resid\u00eancia<\/li>\n<li>Pr\u00e9mio no Concurso Gesso de Gesso de Parede 2011<\/li>\n<\/ul>\n<\/li>\n<li>\n<h3 class=\"tit-ano\">2008<\/h3>\n<ul class=\"lista-premios\">\n<li>Primeiro lugar &#8211; Pr\u00eamio Casa Cor Boa Mesa &#8211; Categoria &#8211; Melhor lugar para uso p\u00fablico &#8211; banheiro feminino<\/li>\n<li>Trof\u00e9u JK 2008 &#8211; homenagem aos grandes nomes e personalidades das Minas Gerais<\/li>\n<li>Pr\u00e9mio do Pr\u00e9mio Gesso de Gesso 2008<\/li>\n<\/ul>\n<\/li>\n<li>\n<h3 class=\"tit-ano\">2007<\/h3>\n<ul class=\"lista-premios\">\n<li>Prize- Grupo InComum<\/li>\n<\/ul>\n<\/li>\n<li>\n<h3 class=\"tit-ano\">2006<\/h3>\n<ul class=\"lista-premios\">\n<li>Primeiro e terceiro lugar &#8211; Concurso Amide 2006 &#8211; Categoria &#8211; resid\u00eancia<\/li>\n<\/ul>\n<\/li>\n<li>\n<h3 class=\"tit-ano\">2005<\/h3>\n<ul class=\"lista-premios\">\n<li>Pr\u00eamio &#8211; Luxaflex de MG &#8211; Principal especificador de produto do ano de 2004<\/li>\n<\/ul>\n<\/li>\n<li>\n<h3 class=\"tit-ano\">2004<\/h3>\n<ul class=\"lista-premios\">\n<li>Primeiro lugar &#8211; 2\u2032 pr\u00eamio Amide De Decora\u00e7\u00e3o<\/li>\n<li>Quarto lugar entre os principais especificadores do Grupo InComum<\/li>\n<\/ul>\n<\/li>\n<li>\n<h3 class=\"tit-ano\">2003<\/h3>\n<ul class=\"lista-premios\">\n<li>Pr\u00eamio &#8211; Talento Luxaflex 2003<\/li>\n<\/ul>\n<\/li>\n<li>\n<h3 class=\"tit-ano\">2002<\/h3>\n<ul class=\"lista-premios\">\n<li>Pr\u00eamio Personalidade Brasileira dos 500 anos do Brasil &#8211; Centro de Integra\u00e7\u00e3o Cultural e Empresarial &#8211; Estado de S\u00e3o Paulo &#8211; Homenagem a personalidades que contribu\u00edram para o engrandecimento do Brasil\n<\/li>\n<li>Parceria de Promo\u00e7\u00e3o 2002 &#8211; N\u00facleo de Decora\u00e7\u00e3o &#8211; S\u00e3o Paulo-SP<\/li>\n<\/ul>\n<\/li>\n<li>\n<h3 class=\"tit-ano\">2001<\/h3>\n<ul class=\"lista-premios\">\n<li>Mulheres not\u00e1veis &#8211; Trof\u00e9u Cecilia Meireles &#8211; promo\u00e7\u00e3o Eustaquio Felix Maio 2001<\/li>\n<\/ul>\n<\/li>\n<li>\n<h3 class=\"tit-ano\">2000<\/h3>\n<ul class=\"lista-premios\">\n<li>Pr\u00eamio Estado De Minas De Design Casa Cor Minas Gerais 2000 &#8211; Primeiro Lugar do J\u00fari Popular &#8211; Belo Horizonte (MG) &#8211; Jornal Estado de Minas e concurso de promo\u00e7\u00f5es de culto<\/li>\n<li>Personalidades do ano &#8211; promo\u00e7\u00e3o Tony de P\u00e1dua &#8211; Sete Lagoas &#8211; (MG) &#8211; Evento que homenageia personalidades de destaque de Minas Gerais<\/li>\n<\/ul>\n<\/li>\n<li>\n<h3 class=\"tit-ano\">1999<\/h3>\n<ul class=\"lista-premios\">\n<li>Parceria Promocional 99- N\u00facleo de Decora\u00e7\u00e3o &#8211; S\u00e3o Paulo (SP). Pre\u00e7o &#8211; um dos principais especificadores de produto pertencentes \u00e0s principais lojas.<\/li>\n<\/ul>\n<\/li>\n<\/ul>\n<\/div>\n","protected":false},"excerpt":{"rendered":"<p>Qualidade em cada detalhe e personalidade s\u00e3o aspectos fortes da obra de Myrna Porcaro, que estavam presentes em cada projeto, seja residencial ou comercial, e, claro, em grandes eventos de arquitetura e decora\u00e7\u00e3o. Como reconhecimento pelo trabalho de Myrna, muitos pr\u00eamios foram ganhos. Isso \u00e9 uma grande honra para ela. Como segue alguns dos pr\u00eamios da Myrna: 2012 Primeiro lugar&#8230;<\/p>\n","protected":false},"author":8,"featured_media":0,"parent":0,"menu_order":0,"comment_status":"open","ping_status":"closed","template":"page-model-full-width.php","meta":{"_acf_changed":false,"_monsterinsights_skip_tracking":false,"_monsterinsights_sitenote_active":false,"_monsterinsights_sitenote_note":"","_monsterinsights_sitenote_category":0,"ngg_post_thumbnail":0,"footnotes":""},"class_list":["post-8043","page","type-page","status-publish","hentry"],"acf":[],"yoast_head":"<!-- This site is optimized with the Yoast SEO plugin v27.4 - https:\/\/yoast.com\/product\/yoast-seo-wordpress\/ -->\n<title>Awards - Myrna Porcaro<\/title>\n<meta name=\"robots\" content=\"index, follow, max-snippet:-1, max-image-preview:large, max-video-preview:-1\" \/>\n<link rel=\"canonical\" href=\"https:\/\/myrnaporcaro.com\/pt-br\/awards\/\" \/>\n<meta property=\"og:locale\" content=\"pt_BR\" \/>\n<meta property=\"og:type\" content=\"article\" \/>\n<meta property=\"og:title\" content=\"Awards - Myrna Porcaro\" \/>\n<meta property=\"og:description\" content=\"Qualidade em cada detalhe e personalidade s\u00e3o aspectos fortes da obra de Myrna Porcaro, que estavam presentes em cada projeto, seja residencial ou comercial, e, claro, em grandes eventos de arquitetura e decora\u00e7\u00e3o. Como reconhecimento pelo trabalho de Myrna, muitos pr\u00eamios foram ganhos. Isso \u00e9 uma grande honra para ela. Como segue alguns dos pr\u00eamios da Myrna: 2012 Primeiro lugar...\" \/>\n<meta property=\"og:url\" content=\"https:\/\/myrnaporcaro.com\/pt-br\/awards\/\" \/>\n<meta property=\"og:site_name\" content=\"Myrna Porcaro\" \/>\n<meta property=\"article:modified_time\" content=\"2018-10-02T01:45:25+00:00\" \/>\n<meta name=\"twitter:card\" content=\"summary_large_image\" \/>\n<meta name=\"twitter:label1\" content=\"Est. tempo de leitura\" \/>\n\t<meta name=\"twitter:data1\" content=\"2 minutos\" \/>\n<script type=\"application\/ld+json\" class=\"yoast-schema-graph\">{\"@context\":\"https:\\\/\\\/schema.org\",\"@graph\":[{\"@type\":\"WebPage\",\"@id\":\"https:\\\/\\\/myrnaporcaro.com\\\/pt-br\\\/awards\\\/\",\"url\":\"https:\\\/\\\/myrnaporcaro.com\\\/pt-br\\\/awards\\\/\",\"name\":\"Awards - Myrna Porcaro\",\"isPartOf\":{\"@id\":\"https:\\\/\\\/myrnaporcaro.com\\\/#website\"},\"datePublished\":\"2018-05-23T21:42:23+00:00\",\"dateModified\":\"2018-10-02T01:45:25+00:00\",\"breadcrumb\":{\"@id\":\"https:\\\/\\\/myrnaporcaro.com\\\/pt-br\\\/awards\\\/#breadcrumb\"},\"inLanguage\":\"pt-BR\",\"potentialAction\":[{\"@type\":\"ReadAction\",\"target\":[\"https:\\\/\\\/myrnaporcaro.com\\\/pt-br\\\/awards\\\/\"]}]},{\"@type\":\"BreadcrumbList\",\"@id\":\"https:\\\/\\\/myrnaporcaro.com\\\/pt-br\\\/awards\\\/#breadcrumb\",\"itemListElement\":[{\"@type\":\"ListItem\",\"position\":1,\"name\":\"In\u00edcio\",\"item\":\"https:\\\/\\\/myrnaporcaro.com\\\/pt-br\\\/\"},{\"@type\":\"ListItem\",\"position\":2,\"name\":\"Awards\"}]},{\"@type\":\"WebSite\",\"@id\":\"https:\\\/\\\/myrnaporcaro.com\\\/#website\",\"url\":\"https:\\\/\\\/myrnaporcaro.com\\\/\",\"name\":\"Myrna Porcaro\",\"description\":\"residential, business, commercial and rural projects. Preparing the architectural design to the final detailing and interior decoration.\",\"potentialAction\":[{\"@type\":\"SearchAction\",\"target\":{\"@type\":\"EntryPoint\",\"urlTemplate\":\"https:\\\/\\\/myrnaporcaro.com\\\/?s={search_term_string}\"},\"query-input\":{\"@type\":\"PropertyValueSpecification\",\"valueRequired\":true,\"valueName\":\"search_term_string\"}}],\"inLanguage\":\"pt-BR\"}]}<\/script>\n<!-- \/ Yoast SEO plugin. -->","yoast_head_json":{"title":"Awards - Myrna Porcaro","robots":{"index":"index","follow":"follow","max-snippet":"max-snippet:-1","max-image-preview":"max-image-preview:large","max-video-preview":"max-video-preview:-1"},"canonical":"https:\/\/myrnaporcaro.com\/pt-br\/awards\/","og_locale":"pt_BR","og_type":"article","og_title":"Awards - Myrna Porcaro","og_description":"Qualidade em cada detalhe e personalidade s\u00e3o aspectos fortes da obra de Myrna Porcaro, que estavam presentes em cada projeto, seja residencial ou comercial, e, claro, em grandes eventos de arquitetura e decora\u00e7\u00e3o. Como reconhecimento pelo trabalho de Myrna, muitos pr\u00eamios foram ganhos. Isso \u00e9 uma grande honra para ela. Como segue alguns dos pr\u00eamios da Myrna: 2012 Primeiro lugar...","og_url":"https:\/\/myrnaporcaro.com\/pt-br\/awards\/","og_site_name":"Myrna Porcaro","article_modified_time":"2018-10-02T01:45:25+00:00","twitter_card":"summary_large_image","twitter_misc":{"Est. tempo de leitura":"2 minutos"},"schema":{"@context":"https:\/\/schema.org","@graph":[{"@type":"WebPage","@id":"https:\/\/myrnaporcaro.com\/pt-br\/awards\/","url":"https:\/\/myrnaporcaro.com\/pt-br\/awards\/","name":"Awards - Myrna Porcaro","isPartOf":{"@id":"https:\/\/myrnaporcaro.com\/#website"},"datePublished":"2018-05-23T21:42:23+00:00","dateModified":"2018-10-02T01:45:25+00:00","breadcrumb":{"@id":"https:\/\/myrnaporcaro.com\/pt-br\/awards\/#breadcrumb"},"inLanguage":"pt-BR","potentialAction":[{"@type":"ReadAction","target":["https:\/\/myrnaporcaro.com\/pt-br\/awards\/"]}]},{"@type":"BreadcrumbList","@id":"https:\/\/myrnaporcaro.com\/pt-br\/awards\/#breadcrumb","itemListElement":[{"@type":"ListItem","position":1,"name":"In\u00edcio","item":"https:\/\/myrnaporcaro.com\/pt-br\/"},{"@type":"ListItem","position":2,"name":"Awards"}]},{"@type":"WebSite","@id":"https:\/\/myrnaporcaro.com\/#website","url":"https:\/\/myrnaporcaro.com\/","name":"Myrna Porcaro","description":"residential, business, commercial and rural projects. Preparing the architectural design to the final detailing and interior decoration.","potentialAction":[{"@type":"SearchAction","target":{"@type":"EntryPoint","urlTemplate":"https:\/\/myrnaporcaro.com\/?s={search_term_string}"},"query-input":{"@type":"PropertyValueSpecification","valueRequired":true,"valueName":"search_term_string"}}],"inLanguage":"pt-BR"}]}},"_links":{"self":[{"href":"https:\/\/myrnaporcaro.com\/pt-br\/wp-json\/wp\/v2\/pages\/8043","targetHints":{"allow":["GET"]}}],"collection":[{"href":"https:\/\/myrnaporcaro.com\/pt-br\/wp-json\/wp\/v2\/pages"}],"about":[{"href":"https:\/\/myrnaporcaro.com\/pt-br\/wp-json\/wp\/v2\/types\/page"}],"author":[{"embeddable":true,"href":"https:\/\/myrnaporcaro.com\/pt-br\/wp-json\/wp\/v2\/users\/8"}],"replies":[{"embeddable":true,"href":"https:\/\/myrnaporcaro.com\/pt-br\/wp-json\/wp\/v2\/comments?post=8043"}],"version-history":[{"count":3,"href":"https:\/\/myrnaporcaro.com\/pt-br\/wp-json\/wp\/v2\/pages\/8043\/revisions"}],"predecessor-version":[{"id":8150,"href":"https:\/\/myrnaporcaro.com\/pt-br\/wp-json\/wp\/v2\/pages\/8043\/revisions\/8150"}],"wp:attachment":[{"href":"https:\/\/myrnaporcaro.com\/pt-br\/wp-json\/wp\/v2\/media?parent=8043"}],"curies":[{"name":"wp","href":"https:\/\/api.w.org\/{rel}","templated":true}]}}